{"id":8845,"date":"2025-10-23T16:28:24","date_gmt":"2025-10-23T20:28:24","guid":{"rendered":"https:\/\/nafr.dev.sparkadvocacy.dev\/?page_id=8845"},"modified":"2026-02-18T15:27:38","modified_gmt":"2026-02-18T20:27:38","slug":"login","status":"publish","type":"page","link":"https:\/\/staging2.federalretirees.ca\/fr\/login\/","title":{"rendered":"Login"},"content":{"rendered":"\n<div class=\"wp-block-columns is-layout-flex wp-container-core-columns-is-layout-c05257ab wp-block-columns-is-layout-flex\" style=\"padding-top:var(--wp--preset--spacing--60);padding-bottom:var(--wp--preset--spacing--60)\">\n<div class=\"wp-block-column is-layout-flow wp-block-column-is-layout-flow\">\n<h1 class=\"wp-block-heading\">Ouvrez un compte sur Retrait\u00e9sf\u00e9d\u00e9raux.ca<\/h1>\n\n\n\n<p class=\"is-style-lead\">Votre compte vous permet d&rsquo;acc\u00e9der \u00e0 plusieurs fonctions et \u00e0 des renseignements au m\u00eame endroit<\/p>\n\n\n\n<p class=\"is-style-default\">D\u00e9terminez vos pr\u00e9f\u00e9rences de communication, pour nous indiquer comment nous devons communiquer avec vous. (Jamais nous ne louons, vendons ou divulguons vos renseignements.) G\u00e9rez votre profil de membre ou connectez-vous, pour renouveler votre adh\u00e9sion.&nbsp;<\/p>\n\n\n\n<div class=\"wp-block-buttons is-layout-flex wp-block-buttons-is-layout-flex\">\n<div class=\"wp-block-button\"><a class=\"wp-block-button__link wp-element-button\" href=\"https:\/\/staging2.federalretirees.ca\/fr\/premiere-connexion\/\"><strong>\u00a0Cr\u00e9er un compte<\/strong><\/a><\/div>\n\n\n\n<div class=\"wp-block-button\"><a class=\"wp-block-button__link wp-element-button\" href=\"https:\/\/staging2.federalretirees.ca\/fr\/adhesion\/devenir-membre\/\">Devenir membre<\/a><\/div>\n<\/div>\n<\/div>\n\n\n\n<div class=\"wp-block-column is-layout-flow wp-block-column-is-layout-flow\">        <div class=\"nafr-member-activation nafr-login-form\">\n            <form id=\"nafr-login-form\" class=\"nafr-activation-form nafr-login-ajax-form\" method=\"post\">\n                <input type=\"hidden\" id=\"nafr_login_nonce\" name=\"nafr_login_nonce\" value=\"7bff679ac9\" \/><input type=\"hidden\" name=\"_wp_http_referer\" value=\"\/fr\/wp-json\/wp\/v2\/pages\/8845\" \/>                <input type=\"hidden\" name=\"redirect_to\" value=\"\">\n                \n                \n                <!-- Step 1: Username\/Email field -->\n                <div class=\"nafr-activation-step nafr-login-step nafr-login-step-credentials active\" data-step=\"credentials\">\n                    <div class=\"form-group\">\n                        <label for=\"nafr-login-username\">\n                            Num\u00e9ro de membre ou courriel\n                        <\/label>\n                        <input type=\"text\" id=\"nafr-login-username\" name=\"user_login\" class=\"form-control\" placeholder=\"Saisissez votre num\u00e9ro de membre ou votre courriel\" required autocomplete=\"username\">\n                    <\/div>\n                <\/div>\n\n                <!-- Step 2: Member ID required (for multiple accounts with same email) -->\n                <div class=\"nafr-activation-step nafr-login-step nafr-login-step-member-id\" data-step=\"member-id\" style=\"display: none;\">\n                    <p class=\"nafr-member-id-intro\">Plusieurs comptes sont associ\u00e9s \u00e0 cette adresse de courriel. Pour continuer. veuillez saisir votre num\u00e9ro de membre.<\/p>\n                    <div class=\"form-group\">\n                        <label for=\"nafr-login-member-id\">\n                            Num\u00e9ro de membre                        <\/label>\n                        <input type=\"text\" id=\"nafr-login-member-id\" name=\"member_id\" class=\"form-control\" placeholder=\"Entrez votre num\u00e9ro de membre\">\n                        <small class=\"form-text text-muted\">\n                            Votre num\u00e9ro de membre se trouve sur votre carte de membre.                        <\/small>\n                    <\/div>\n                <\/div>\n\n                <!-- Step 3: Two-Factor Authentication (if enabled for user) -->\n                <div class=\"nafr-activation-step nafr-login-step nafr-login-step-2fa\" data-step=\"2fa\" style=\"display: none;\">\n                    <p class=\"nafr-2fa-intro\">Veuillez saisir votre code de v\u00e9rification.<\/p>\n                    <div class=\"form-group\">\n                        <label for=\"nafr-login-2fa-code\">\n                            Code de v\u00e9rification                        <\/label>\n                        <input type=\"text\" id=\"nafr-login-2fa-code\" name=\"2fa_code\" class=\"form-control nafr-2fa-code-input\" placeholder=\"000000\" autocomplete=\"one-time-code\" inputmode=\"numeric\" pattern=\"[0-9]*\" maxlength=\"6\">\n                        <small class=\"form-text text-muted nafr-2fa-helper\">\n                            Saisissez le code \u00e0 6 chiffres envoy\u00e9 \u00e0 votre adresse de courriel ou un code de sauvegarde.                        <\/small>\n                        <a href=\"#\" class=\"nafr-2fa-resend-link\" style=\"display: none;\">Renvoyer le code<\/a>\n                    <\/div>\n                    <input type=\"hidden\" id=\"nafr-login-2fa-token\" name=\"2fa_token\" value=\"\">\n                    <input type=\"hidden\" id=\"nafr-login-2fa-method\" name=\"2fa_method\" value=\"\">\n                <\/div>\n\n                <!-- Password field (always visible) -->\n                <div class=\"form-group nafr-login-password-group\">\n                    <label for=\"nafr-login-password\">\n                        Mot de passe                    <\/label>\n                    <input type=\"password\" id=\"nafr-login-password\" name=\"user_pass\" class=\"form-control\" required autocomplete=\"current-password\">\n                <\/div>\n\n                                    <div class=\"form-group nafr-login-remember\">\n                        <label class=\"nafr-checkbox-label\">\n                            <input type=\"checkbox\" name=\"remember\" value=\"1\" checked>\n                            Se souvenir de moi                        <\/label>\n                    <\/div>\n                \n                <!-- Submit button for step 1 -->\n                <div class=\"form-group nafr-activation-submit nafr-login-submit-credentials\">\n                    <button type=\"submit\" class=\"btn btn-primary\">\n                        Se connecter                    <\/button>\n                <\/div>\n\n                <!-- Submit button for step 2 (hidden initially) -->\n                <div class=\"form-group nafr-activation-submit nafr-login-submit-member-id\" style=\"display: none;\">\n                    <button type=\"button\" class=\"btn btn-primary nafr-submit-member-id-login\">\n                        Se connecter                    <\/button>\n                <\/div>\n\n                <!-- Submit button for 2FA step (hidden initially) -->\n                <div class=\"form-group nafr-activation-submit nafr-login-submit-2fa\" style=\"display: none;\">\n                    <button type=\"button\" class=\"btn btn-primary nafr-submit-2fa\">\n                        V\u00e9rifier                    <\/button>\n                <\/div>\n\n                <div class=\"nafr-activation-message nafr-login-message\" style=\"display: none;\"><\/div>\n                <div class=\"nafr-activation-loading nafr-login-loading\" style=\"display: none;\">\n                    <span class=\"spinner\"><\/span>\n                    <span class=\"nafr-loading-text\">Veuillez patienter\u2026<\/span>\n                <\/div>\n            <\/form>\n\n                            <p class=\"nafr-lost-password\">\n                    <a href=\"https:\/\/staging2.federalretirees.ca\/reset-password\/\" class=\"btn btn-secondary\">\n                        Mot de passe oubli\u00e9?                    <\/a>\n                <\/p>\n                    <\/div>\n        \n<\/div>\n<\/div>\n\n\n\n<p><\/p>\n","protected":false},"excerpt":{"rendered":"<p>Ouvrez un compte sur Retrait\u00e9sf\u00e9d\u00e9raux.ca Votre compte vous permet d&rsquo;acc\u00e9der \u00e0 plusieurs fonctions et \u00e0 des renseignements au m\u00eame endroit D\u00e9terminez vos pr\u00e9f\u00e9rences de communication, pour nous indiquer comment nous devons communiquer avec vous. (Jamais nous ne louons, vendons ou&#8230;<\/p>\n","protected":false},"author":2,"featured_media":11363,"parent":0,"menu_order":7,"comment_status":"closed","ping_status":"closed","template":"","meta":{"_acf_changed":false,"footnotes":""},"class_list":["post-8845","page","type-page","status-publish","has-post-thumbnail","hentry"],"acf":[],"yoast_head":"<!-- This site is optimized with the Yoast SEO plugin v27.5 - https:\/\/yoast.com\/product\/yoast-seo-wordpress\/ -->\n<title>Login - Association nationale des retrait\u00e9s f\u00e9d\u00e9raux<\/title>\n<meta name=\"robots\" content=\"noindex, follow, max-snippet:-1, max-image-preview:large, max-video-preview:-1\" \/>\n<meta property=\"og:locale\" content=\"fr_FR\" \/>\n<meta property=\"og:type\" content=\"article\" \/>\n<meta property=\"og:title\" content=\"Login - Association nationale des retrait\u00e9s f\u00e9d\u00e9raux\" \/>\n<meta property=\"og:description\" content=\"Ouvrez un compte sur Retrait\u00e9sf\u00e9d\u00e9raux.ca Votre compte vous permet d&rsquo;acc\u00e9der \u00e0 plusieurs fonctions et \u00e0 des renseignements au m\u00eame endroit D\u00e9terminez vos pr\u00e9f\u00e9rences de communication, pour nous indiquer comment nous devons communiquer avec vous. (Jamais nous ne louons, vendons ou...\" \/>\n<meta property=\"og:url\" content=\"https:\/\/staging2.federalretirees.ca\/fr\/login\/\" \/>\n<meta property=\"og:site_name\" content=\"Association nationale des retrait\u00e9s f\u00e9d\u00e9raux\" \/>\n<meta property=\"article:publisher\" content=\"https:\/\/www.facebook.com\/FederalRetirees\" \/>\n<meta property=\"article:modified_time\" content=\"2026-02-18T20:27:38+00:00\" \/>\n<meta property=\"og:image\" content=\"https:\/\/nafr.dev.sparkadvocacy.dev\/wp-content\/uploads\/2025\/11\/login.png\" \/>\n\t<meta property=\"og:image:width\" content=\"709\" \/>\n\t<meta property=\"og:image:height\" content=\"670\" \/>\n\t<meta property=\"og:image:type\" content=\"image\/png\" \/>\n<meta name=\"twitter:card\" content=\"summary_large_image\" \/>\n<meta name=\"twitter:site\" content=\"@fedretirees\" \/>\n<meta name=\"twitter:label1\" content=\"Dur\u00e9e de lecture estim\u00e9e\" \/>\n\t<meta name=\"twitter:data1\" content=\"1 minute\" \/>\n<script type=\"application\/ld+json\" class=\"yoast-schema-graph\">{\"@context\":\"https:\\\/\\\/schema.org\",\"@graph\":[{\"@type\":\"WebPage\",\"@id\":\"https:\\\/\\\/staging2.federalretirees.ca\\\/fr\\\/login\\\/\",\"url\":\"https:\\\/\\\/staging2.federalretirees.ca\\\/fr\\\/login\\\/\",\"name\":\"Login - Association nationale des retrait\u00e9s f\u00e9d\u00e9raux\",\"isPartOf\":{\"@id\":\"https:\\\/\\\/nafr.dev.sparkadvocacy.dev\\\/#website\"},\"primaryImageOfPage\":{\"@id\":\"https:\\\/\\\/staging2.federalretirees.ca\\\/fr\\\/login\\\/#primaryimage\"},\"image\":{\"@id\":\"https:\\\/\\\/staging2.federalretirees.ca\\\/fr\\\/login\\\/#primaryimage\"},\"thumbnailUrl\":\"https:\\\/\\\/staging2.federalretirees.ca\\\/wp-content\\\/uploads\\\/2025\\\/11\\\/login.png\",\"datePublished\":\"2025-10-23T20:28:24+00:00\",\"dateModified\":\"2026-02-18T20:27:38+00:00\",\"breadcrumb\":{\"@id\":\"https:\\\/\\\/staging2.federalretirees.ca\\\/fr\\\/login\\\/#breadcrumb\"},\"inLanguage\":\"fr-FR\",\"potentialAction\":[{\"@type\":\"ReadAction\",\"target\":[\"https:\\\/\\\/staging2.federalretirees.ca\\\/fr\\\/login\\\/\"]}]},{\"@type\":\"ImageObject\",\"inLanguage\":\"fr-FR\",\"@id\":\"https:\\\/\\\/staging2.federalretirees.ca\\\/fr\\\/login\\\/#primaryimage\",\"url\":\"https:\\\/\\\/staging2.federalretirees.ca\\\/wp-content\\\/uploads\\\/2025\\\/11\\\/login.png\",\"contentUrl\":\"https:\\\/\\\/staging2.federalretirees.ca\\\/wp-content\\\/uploads\\\/2025\\\/11\\\/login.png\",\"width\":709,\"height\":670,\"caption\":\"Older gentleman using his laptop on a desk\"},{\"@type\":\"BreadcrumbList\",\"@id\":\"https:\\\/\\\/staging2.federalretirees.ca\\\/fr\\\/login\\\/#breadcrumb\",\"itemListElement\":[{\"@type\":\"ListItem\",\"position\":1,\"name\":\"Home\",\"item\":\"https:\\\/\\\/nafr.dev.sparkadvocacy.dev\\\/fr\\\/\"},{\"@type\":\"ListItem\",\"position\":2,\"name\":\"Login\"}]},{\"@type\":\"WebSite\",\"@id\":\"https:\\\/\\\/nafr.dev.sparkadvocacy.dev\\\/#website\",\"url\":\"https:\\\/\\\/nafr.dev.sparkadvocacy.dev\\\/\",\"name\":\"National Association of Federal Retirees\",\"description\":\"\",\"potentialAction\":[{\"@type\":\"SearchAction\",\"target\":{\"@type\":\"EntryPoint\",\"urlTemplate\":\"https:\\\/\\\/nafr.dev.sparkadvocacy.dev\\\/?s={search_term_string}\"},\"query-input\":{\"@type\":\"PropertyValueSpecification\",\"valueRequired\":true,\"valueName\":\"search_term_string\"}}],\"inLanguage\":\"fr-FR\"}]}<\/script>\n<!-- \/ Yoast SEO plugin. -->","yoast_head_json":{"title":"Login - Association nationale des retrait\u00e9s f\u00e9d\u00e9raux","robots":{"index":"noindex","follow":"follow","max-snippet":"max-snippet:-1","max-image-preview":"max-image-preview:large","max-video-preview":"max-video-preview:-1"},"og_locale":"fr_FR","og_type":"article","og_title":"Login - Association nationale des retrait\u00e9s f\u00e9d\u00e9raux","og_description":"Ouvrez un compte sur Retrait\u00e9sf\u00e9d\u00e9raux.ca Votre compte vous permet d&rsquo;acc\u00e9der \u00e0 plusieurs fonctions et \u00e0 des renseignements au m\u00eame endroit D\u00e9terminez vos pr\u00e9f\u00e9rences de communication, pour nous indiquer comment nous devons communiquer avec vous. (Jamais nous ne louons, vendons ou...","og_url":"https:\/\/staging2.federalretirees.ca\/fr\/login\/","og_site_name":"Association nationale des retrait\u00e9s f\u00e9d\u00e9raux","article_publisher":"https:\/\/www.facebook.com\/FederalRetirees","article_modified_time":"2026-02-18T20:27:38+00:00","og_image":[{"width":709,"height":670,"url":"https:\/\/nafr.dev.sparkadvocacy.dev\/wp-content\/uploads\/2025\/11\/login.png","type":"image\/png"}],"twitter_card":"summary_large_image","twitter_site":"@fedretirees","twitter_misc":{"Dur\u00e9e de lecture estim\u00e9e":"1 minute"},"schema":{"@context":"https:\/\/schema.org","@graph":[{"@type":"WebPage","@id":"https:\/\/staging2.federalretirees.ca\/fr\/login\/","url":"https:\/\/staging2.federalretirees.ca\/fr\/login\/","name":"Login - Association nationale des retrait\u00e9s f\u00e9d\u00e9raux","isPartOf":{"@id":"https:\/\/nafr.dev.sparkadvocacy.dev\/#website"},"primaryImageOfPage":{"@id":"https:\/\/staging2.federalretirees.ca\/fr\/login\/#primaryimage"},"image":{"@id":"https:\/\/staging2.federalretirees.ca\/fr\/login\/#primaryimage"},"thumbnailUrl":"https:\/\/staging2.federalretirees.ca\/wp-content\/uploads\/2025\/11\/login.png","datePublished":"2025-10-23T20:28:24+00:00","dateModified":"2026-02-18T20:27:38+00:00","breadcrumb":{"@id":"https:\/\/staging2.federalretirees.ca\/fr\/login\/#breadcrumb"},"inLanguage":"fr-FR","potentialAction":[{"@type":"ReadAction","target":["https:\/\/staging2.federalretirees.ca\/fr\/login\/"]}]},{"@type":"ImageObject","inLanguage":"fr-FR","@id":"https:\/\/staging2.federalretirees.ca\/fr\/login\/#primaryimage","url":"https:\/\/staging2.federalretirees.ca\/wp-content\/uploads\/2025\/11\/login.png","contentUrl":"https:\/\/staging2.federalretirees.ca\/wp-content\/uploads\/2025\/11\/login.png","width":709,"height":670,"caption":"Older gentleman using his laptop on a desk"},{"@type":"BreadcrumbList","@id":"https:\/\/staging2.federalretirees.ca\/fr\/login\/#breadcrumb","itemListElement":[{"@type":"ListItem","position":1,"name":"Home","item":"https:\/\/nafr.dev.sparkadvocacy.dev\/fr\/"},{"@type":"ListItem","position":2,"name":"Login"}]},{"@type":"WebSite","@id":"https:\/\/nafr.dev.sparkadvocacy.dev\/#website","url":"https:\/\/nafr.dev.sparkadvocacy.dev\/","name":"National Association of Federal Retirees","description":"","potentialAction":[{"@type":"SearchAction","target":{"@type":"EntryPoint","urlTemplate":"https:\/\/nafr.dev.sparkadvocacy.dev\/?s={search_term_string}"},"query-input":{"@type":"PropertyValueSpecification","valueRequired":true,"valueName":"search_term_string"}}],"inLanguage":"fr-FR"}]}},"_links":{"self":[{"href":"https:\/\/staging2.federalretirees.ca\/fr\/wp-json\/wp\/v2\/pages\/8845","targetHints":{"allow":["GET"]}}],"collection":[{"href":"https:\/\/staging2.federalretirees.ca\/fr\/wp-json\/wp\/v2\/pages"}],"about":[{"href":"https:\/\/staging2.federalretirees.ca\/fr\/wp-json\/wp\/v2\/types\/page"}],"author":[{"embeddable":true,"href":"https:\/\/staging2.federalretirees.ca\/fr\/wp-json\/wp\/v2\/users\/2"}],"replies":[{"embeddable":true,"href":"https:\/\/staging2.federalretirees.ca\/fr\/wp-json\/wp\/v2\/comments?post=8845"}],"version-history":[{"count":0,"href":"https:\/\/staging2.federalretirees.ca\/fr\/wp-json\/wp\/v2\/pages\/8845\/revisions"}],"wp:featuredmedia":[{"embeddable":true,"href":"https:\/\/staging2.federalretirees.ca\/fr\/wp-json\/wp\/v2\/media\/11363"}],"wp:attachment":[{"href":"https:\/\/staging2.federalretirees.ca\/fr\/wp-json\/wp\/v2\/media?parent=8845"}],"curies":[{"name":"wp","href":"https:\/\/api.w.org\/{rel}","templated":true}]}}